{"id":1242,"date":"2023-06-07T13:44:50","date_gmt":"2023-06-07T11:44:50","guid":{"rendered":"https:\/\/yellostudio.eu\/?page_id=1242"},"modified":"2024-05-23T06:53:37","modified_gmt":"2024-05-23T04:53:37","slug":"rodzicielstwo-pod-papugami","status":"publish","type":"page","link":"https:\/\/yellostudio.eu\/?page_id=1242","title":{"rendered":"Rodzicielstwo pod papugami"},"content":{"rendered":"<p>[et_pb_section fb_built=&#8221;1&#8243; _builder_version=&#8221;4.17.4&#8243; _module_preset=&#8221;default&#8221; custom_padding=&#8221;0px||77px|||&#8221; locked=&#8221;off&#8221; global_colors_info=&#8221;{}&#8221;][et_pb_row _builder_version=&#8221;4.17.3&#8243; _module_preset=&#8221;default&#8221; width=&#8221;100%&#8221; width_tablet=&#8221;100%&#8221; width_phone=&#8221;100%&#8221; width_last_edited=&#8221;on|phone&#8221; max_width=&#8221;1201px&#8221; max_width_tablet=&#8221;1201px&#8221; max_width_phone=&#8221;1201px&#8221; max_width_last_edited=&#8221;on|phone&#8221; custom_padding=&#8221;3px|||||&#8221; global_colors_info=&#8221;{}&#8221;][et_pb_column type=&#8221;4_4&#8243; _builder_version=&#8221;4.17.3&#8243; _module_preset=&#8221;default&#8221; global_colors_info=&#8221;{}&#8221;][et_pb_image src=&#8221;https:\/\/yellostudio.eu\/wp-content\/uploads\/2023\/06\/rodzicielstwo-08.png&#8221; title_text=&#8221;rodzicielstwo-22&#8243; src_tablet=&#8221;https:\/\/yellostudio.eu\/wp-content\/uploads\/2023\/06\/rodzicielstwo-08.png&#8221; src_phone=&#8221;https:\/\/yellostudio.eu\/wp-content\/uploads\/2023\/06\/rodzicielstwo-22.png&#8221; src_last_edited=&#8221;on|phone&#8221; _builder_version=&#8221;4.21.0&#8243; _module_preset=&#8221;default&#8221; custom_margin=&#8221;||-8px|||&#8221; custom_margin_tablet=&#8221;||-8px|||&#8221; custom_margin_phone=&#8221;80px||50px||false|false&#8221; custom_margin_last_edited=&#8221;on|phone&#8221; global_colors_info=&#8221;{}&#8221;][\/et_pb_image][et_pb_text _builder_version=&#8221;4.21.0&#8243; _module_preset=&#8221;default&#8221; text_font=&#8221;Poppins|300|||||||&#8221; text_text_color=&#8221;#FFFFFF&#8221; text_font_size=&#8221;18px&#8221; text_line_height=&#8221;1.3em&#8221; background_color=&#8221;#4165ae&#8221; custom_margin=&#8221;0px||0px||true|false&#8221; custom_padding=&#8221;155px|262px|155px|262px|true|true&#8221; custom_padding_tablet=&#8221;155px|262px|155px|262px|true|true&#8221; custom_padding_phone=&#8221;40px|30px|40px|30px|true|true&#8221; custom_padding_last_edited=&#8221;on|phone&#8221; text_font_size_tablet=&#8221;22px&#8221; text_font_size_phone=&#8221;16px&#8221; text_font_size_last_edited=&#8221;on|phone&#8221; global_colors_info=&#8221;{}&#8221;]<\/p>\n<p>Ola &#8211; w\u0142a\u015bcicielka marki Rodzicielstwo Pod Papugami jest edukatork\u0105, kt\u00f3ra skupia si\u0119 na pomocy rodzicom dzieci w wieku przedszkolnym. Jedn\u0105 z jej g\u0142\u00f3wnych specjalizacji jest motoryka ma\u0142a oraz wsparcie w procesie nauki pisania.<\/p>\n<p>Marka Oli jest taka jak ona &#8211; pe\u0142na pasji, zaanga\u017cowania, ale tak\u017ce luzu, dzieci\u0119cej spontaniczno\u015bci, co najlepiej wyra\u017ca si\u0119 w jej misji. Ola chce zdj\u0105\u0107 presj\u0119 z rodzic\u00f3w i wzmocni\u0107 ich poczucie w\u0142asnej warto\u015bci, a tak\u017ce pokaza\u0107 im, \u017ce mog\u0105 ze swojego rodzicielstwa czerpa\u0107 po prostu rado\u015b\u0107.<\/p>\n<p>Te warto\u015bci stara\u0142am si\u0119 przekaza\u0107 w oprawie wizualnej marki, energentycznych, pobudzaj\u0105cych kolorach, a tak\u017ce przy projekcie strony www oraz layout\u00f3w do medi\u00f3w spo\u0142eczno\u015bciowych.<\/p>\n<p>[\/et_pb_text][et_pb_image src=&#8221;https:\/\/yellostudio.eu\/wp-content\/uploads\/2023\/06\/rodzicielstwo-09.png&#8221; title_text=&#8221;rodzicielstwo-09&#8243; _builder_version=&#8221;4.21.0&#8243; _module_preset=&#8221;default&#8221; custom_margin=&#8221;||0px||false|false&#8221; custom_margin_tablet=&#8221;||0px||false|false&#8221; custom_margin_phone=&#8221;||0px||false|false&#8221; custom_margin_last_edited=&#8221;on|phone&#8221; custom_padding=&#8221;||0px|||&#8221; global_colors_info=&#8221;{}&#8221;][\/et_pb_image][et_pb_text _builder_version=&#8221;4.21.0&#8243; _module_preset=&#8221;default&#8221; text_font_size=&#8221;13px&#8221; custom_margin=&#8221;13px||10px||false|false&#8221; global_colors_info=&#8221;{}&#8221;]<\/p>\n<p style=\"text-align: center;\">Sygnet w uproszczonej, jednokolorowej wersji.<\/p>\n<p>[\/et_pb_text][et_pb_image src=&#8221;https:\/\/yellostudio.eu\/wp-content\/uploads\/2023\/06\/rodzicielstwo-10.png&#8221; title_text=&#8221;rodzicielstwo-10&#8243; _builder_version=&#8221;4.21.0&#8243; _module_preset=&#8221;default&#8221; background_color=&#8221;#f4f7fc&#8221; custom_margin=&#8221;0px||55px||false|false&#8221; custom_margin_tablet=&#8221;0px||0px||false|false&#8221; custom_margin_phone=&#8221;0px||0px||false|false&#8221; custom_margin_last_edited=&#8221;on|phone&#8221; custom_padding=&#8221;||0px||false|false&#8221; global_colors_info=&#8221;{}&#8221;][\/et_pb_image][et_pb_image src=&#8221;https:\/\/yellostudio.eu\/wp-content\/uploads\/2023\/06\/rodzicielstwo-11.png&#8221; title_text=&#8221;rodzicielstwo-11&#8243; _builder_version=&#8221;4.21.0&#8243; _module_preset=&#8221;default&#8221; custom_margin=&#8221;12px||-7px|||&#8221; custom_padding=&#8221;31px|||||&#8221; global_colors_info=&#8221;{}&#8221;][\/et_pb_image][et_pb_image src=&#8221;https:\/\/yellostudio.eu\/wp-content\/uploads\/2023\/06\/rodzicielstwo-12.png&#8221; title_text=&#8221;rodzicielstwo-12&#8243; _builder_version=&#8221;4.21.0&#8243; _module_preset=&#8221;default&#8221; custom_margin=&#8221;||-8px|||&#8221; custom_padding=&#8221;7px|||||&#8221; global_colors_info=&#8221;{}&#8221;][\/et_pb_image][et_pb_image src=&#8221;https:\/\/yellostudio.eu\/wp-content\/uploads\/2023\/06\/Projekt-bez-nazwy.gif&#8221; title_text=&#8221;Projekt bez nazwy&#8221; align=&#8221;center&#8221; _builder_version=&#8221;4.21.0&#8243; _module_preset=&#8221;default&#8221; background_color=&#8221;#f4f7fc&#8221; custom_margin=&#8221;-6px||-5px||false|false&#8221; custom_padding=&#8221;||0px||false|false&#8221; global_colors_info=&#8221;{}&#8221;][\/et_pb_image][et_pb_text _builder_version=&#8221;4.21.0&#8243; _module_preset=&#8221;default&#8221; text_text_color=&#8221;#000000&#8243; custom_margin=&#8221;30px||24px|||&#8221; global_colors_info=&#8221;{}&#8221;]<\/p>\n<p style=\"text-align: center;\"><span style=\"color: #000000;\"><a href=\"https:\/\/rodzicielstwopodpapugami.pl\/\" style=\"color: #000000;\" target=\"_blank\" rel=\"noopener\">zobacz stron\u0119 Oli live<\/a><\/span><\/p>\n<p>[\/et_pb_text][et_pb_image src=&#8221;https:\/\/yellostudio.eu\/wp-content\/uploads\/2023\/06\/rodzicielstwo-13-13.png&#8221; title_text=&#8221;rodzicielstwo-13-13&#8243; _builder_version=&#8221;4.21.0&#8243; _module_preset=&#8221;default&#8221; background_color=&#8221;#f4f7fc&#8221; custom_margin=&#8221;-6px||-5px||false|false&#8221; custom_padding=&#8221;||0px||false|false&#8221; global_colors_info=&#8221;{}&#8221;][\/et_pb_image][\/et_pb_column][\/et_pb_row][et_pb_row _builder_version=&#8221;4.17.4&#8243; _module_preset=&#8221;default&#8221; custom_padding=&#8221;4px|||||&#8221; global_colors_info=&#8221;{}&#8221;][et_pb_column type=&#8221;4_4&#8243; _builder_version=&#8221;4.17.4&#8243; _module_preset=&#8221;default&#8221; global_colors_info=&#8221;{}&#8221;][et_pb_social_media_follow _builder_version=&#8221;4.21.0&#8243; _module_preset=&#8221;default&#8221; text_orientation=&#8221;center&#8221; custom_margin=&#8221;||-2px|||&#8221; global_colors_info=&#8221;{}&#8221;][et_pb_social_media_follow_network social_network=&#8221;instagram&#8221; url=&#8221;https:\/\/www.instagram.com\/rodzicielstwo_pod_papugami\/&#8221; use_icon_font_size=&#8221;on&#8221; icon_font_size=&#8221;20px&#8221; _builder_version=&#8221;4.21.0&#8243; _module_preset=&#8221;default&#8221; background_color=&#8221;#000000&#8243; background_enable_color=&#8221;on&#8221; border_radii=&#8221;on|19px|19px|19px|19px&#8221; global_colors_info=&#8221;{}&#8221; follow_button=&#8221;off&#8221; url_new_window=&#8221;on&#8221;]instagram[\/et_pb_social_media_follow_network][\/et_pb_social_media_follow][et_pb_text _builder_version=&#8221;4.21.0&#8243; _dynamic_attributes=&#8221;link_option_url&#8221; _module_preset=&#8221;default&#8221; text_font_size=&#8221;15px&#8221; link_option_url=&#8221;@ET-DC@eyJkeW5hbWljIjp0cnVlLCJjb250ZW50IjoicG9zdF9saW5rX3VybF9wYWdlIiwic2V0dGluZ3MiOnsicG9zdF9pZCI6IjIxIn19@&#8221; global_colors_info=&#8221;{}&#8221;]<\/p>\n<p style=\"text-align: center;\">INSTAGRAM OLI<\/p>\n<p>[\/et_pb_text][\/et_pb_column][\/et_pb_row][et_pb_row _builder_version=&#8221;4.21.0&#8243; _module_preset=&#8221;default&#8221; background_color=&#8221;#3a2768&#8243; width=&#8221;100%&#8221; width_tablet=&#8221;100%&#8221; width_phone=&#8221;100%&#8221; width_last_edited=&#8221;on|phone&#8221; max_width=&#8221;1201px&#8221; custom_padding=&#8221;32px||68px|||&#8221; locked=&#8221;off&#8221; global_colors_info=&#8221;{}&#8221;][et_pb_column type=&#8221;4_4&#8243; _builder_version=&#8221;4.17.3&#8243; _module_preset=&#8221;default&#8221; global_colors_info=&#8221;{}&#8221;][et_pb_image src=&#8221;https:\/\/yellostudio.eu\/wp-content\/uploads\/2023\/06\/pod-papugami-ola-wojciechowska-07.png&#8221; title_text=&#8221;pod papugami &#8211; ola wojciechowska-07&#8243; _builder_version=&#8221;4.21.0&#8243; _module_preset=&#8221;default&#8221; custom_margin=&#8221;||-2px|||&#8221; custom_padding=&#8221;|542px||542px|false|true&#8221; custom_padding_tablet=&#8221;|542px||542px|false|true&#8221; custom_padding_phone=&#8221;|130px||130px|false|true&#8221; custom_padding_last_edited=&#8221;on|phone&#8221; global_colors_info=&#8221;{}&#8221;][\/et_pb_image][et_pb_text _builder_version=&#8221;4.21.0&#8243; _module_preset=&#8221;default&#8221; text_font=&#8221;Poppins||||||||&#8221; text_text_color=&#8221;#ffffff&#8221; text_line_height=&#8221;1.3em&#8221; custom_margin_tablet=&#8221;&#8221; custom_margin_phone=&#8221;||0px||false|false&#8221; custom_margin_last_edited=&#8221;on|phone&#8221; custom_padding=&#8221;5px|||65px|false|false&#8221; custom_padding_tablet=&#8221;122px|||106px|false|false&#8221; custom_padding_phone=&#8221;20px|20px||20px|false|true&#8221; custom_padding_last_edited=&#8221;on|phone&#8221; text_line_height_tablet=&#8221;1.3em&#8221; text_line_height_phone=&#8221;1.9em&#8221; text_line_height_last_edited=&#8221;on|phone&#8221; global_colors_info=&#8221;{}&#8221;]<\/p>\n<p><span style=\"font-size: xx-large;\"><strong>Ola o naszej wsp\u00f3\u0142pracy:<\/strong><\/span><\/p>\n<p>[\/et_pb_text][et_pb_text _builder_version=&#8221;4.21.0&#8243; _module_preset=&#8221;default&#8221; text_font=&#8221;Poppins||||||||&#8221; text_text_color=&#8221;#ffffff&#8221; text_line_height=&#8221;1.3em&#8221; custom_padding=&#8221;5px|||65px|false|false&#8221; custom_padding_tablet=&#8221;122px|||106px|false|false&#8221; custom_padding_phone=&#8221;20px|20px||20px|false|true&#8221; custom_padding_last_edited=&#8221;on|phone&#8221; text_line_height_tablet=&#8221;1.3em&#8221; text_line_height_phone=&#8221;1.4em&#8221; text_line_height_last_edited=&#8221;on|phone&#8221; global_colors_info=&#8221;{}&#8221;]<\/p>\n<p>\u201eDo wsp\u00f3\u0142pracy w kwestii identyfikacji wizualnej zbiera\u0142am si\u0119 bardzo d\u0142ugo, zdecydowanie za d\u0142ugo. Po pierwszej rozmowie z Kasi\u0105 by\u0142am niemal\u017ce pewna, \u017ce ta wsp\u00f3\u0142praca b\u0119dzie przebiega\u0142a pomy\u015blnie, ale nie spodziewa\u0142am si\u0119, \u017ce ostateczny efekt przero\u015bnie moje naj\u015bmielsze oczekiwania. Chcia\u0142am w ko\u0144cu mie\u0107 \u201eswoje\u201d kolory, logo, kt\u00f3re b\u0119dzie kojarzone ze mn\u0105, z moj\u0105 energi\u0105, z moj\u0105 codzienno\u015bci\u0105, ale kt\u00f3re b\u0119dzie nios\u0142o przes\u0142anie (b\u0119dzie czym\u015b w rodzaju metafory). <strong>To, co mi si\u0119 niesamowicie podoba\u0142o w trakcie konsultacji przed pierwszymi propozycjami moodboard\u00f3w to, \u017ce Kasia nie czeka\u0142a a\u017c co\u015b powiem, tylko zadawa\u0142a mi pytania, dr\u0105\u017cy\u0142a, by\u0142o wida\u0107, \u017ce po prostu chce wykona\u0107 swoj\u0105 prac\u0119 najlepiej jak potrafi.<\/strong> Kasia szybko za\u0142apa\u0142a to, co mam na my\u015bli i tak dobrze wyczu\u0142a mnie, moj\u0105 energi\u0119, moj\u0105 osobowo\u015b\u0107, \u017ce w\u0142a\u015bciwie\u2026 nie mia\u0142am czego z ni\u0105 dalej przegadywa\u0107, bo nie widzia\u0142am tam nic do poprawy. Praca przebieg\u0142a naprawd\u0119 szybko, jak na liczb\u0119 wszystkich element\u00f3w, kt\u00f3re zosta\u0142y przez Kasi\u0119 wykonane.<\/p>\n<div>\n<p>To, czego si\u0119 kompletnie nie spodziewa\u0142am, to <strong>fakt, \u017ce poza tym, \u017ce mam teraz sp\u00f3jne grafiki do social medi\u00f3w, swoje papuzie, przecudne logo i kolorystyk\u0119 marki, kt\u00f3ra totalnie oddaje moj\u0105 energi\u0119, spontaniczno\u015b\u0107 i po prostu mnie, to\u2026 tempo mojego przygotowywania tre\u015bci do social medi\u00f3w niebywale wzros\u0142o.<\/strong> Do tego czuj\u0119, \u017ce mam now\u0105 energi\u0119 do tworzenia tre\u015bci, zupe\u0142nie tak, jakby wraz z t\u0105 identyfikacj\u0105 wesz\u0142o w moj\u0105 mark\u0119 nowe \u017cycie. Gdybym wiedzia\u0142a, \u017ce to b\u0119dzie tak wygl\u0105da\u0142o, to na t\u0119 wsp\u00f3\u0142prac\u0119 zdecydowa\u0142abym si\u0119 ju\u017c rok temu!<\/p>\n<p><strong>Marzy mi si\u0119, \u017ceby ka\u017cda wsp\u00f3\u0142praca biznesowa przebiega\u0142a w taki spos\u00f3b jak ta.<\/strong> My\u015bl\u0119, \u017ce najlepszym dowodem tego, jak bardzo jestem zadowolona z tej wsp\u00f3\u0142pracy jest fakt, \u017ce teraz Kasia b\u0119dzie pracowa\u0142a nad szablonem na moj\u0105 stron\u0119 www &#8211; i tym razem nie zak\u0142adam niczego, bo wiem, \u017ce efekt ko\u0144cowy i tak przero\u015bnie moje oczekiwania \ud83d\ude42<\/p>\n<p><strong>Polecam gor\u0105co wsp\u00f3\u0142prac\u0119 z Kasi\u0105 ka\u017cdemu, kto chce wsp\u00f3\u0142pracowa\u0107 ze specjalistk\u0105 w swoim fachu, a jednocze\u015bnie z osob\u0105 o ogromnym zrozumieniu, otwarto\u015bci i umiej\u0119tno\u015bci s\u0142uchania klienta &lt;3<\/strong>\u201d<\/p>\n<\/div>\n<p>&nbsp;<\/p>\n<p>[\/et_pb_text][\/et_pb_column][\/et_pb_row][et_pb_row _builder_version=&#8221;4.17.3&#8243; _module_preset=&#8221;default&#8221; global_colors_info=&#8221;{}&#8221;][et_pb_column type=&#8221;4_4&#8243; _builder_version=&#8221;4.17.3&#8243; _module_preset=&#8221;default&#8221; global_colors_info=&#8221;{}&#8221;][et_pb_button button_url=&#8221;@ET-DC@eyJkeW5hbWljIjp0cnVlLCJjb250ZW50IjoicG9zdF9saW5rX3VybF9wYWdlIiwic2V0dGluZ3MiOnsicG9zdF9pZCI6IjIzIn19@&#8221; button_text=&#8221;wsp\u00f3\u0142pracujmy&#8221; button_alignment=&#8221;center&#8221; _builder_version=&#8221;4.21.0&#8243; _dynamic_attributes=&#8221;button_url&#8221; _module_preset=&#8221;default&#8221; custom_button=&#8221;on&#8221; button_text_size=&#8221;26px&#8221; button_text_color=&#8221;#000000&#8243; button_bg_color=&#8221;#FFFFFF&#8221; button_border_width=&#8221;2px&#8221; button_border_color=&#8221;gcid-9e4c90fa-1c36-4a85-8e6b-1acd189a74b7&#8243; button_border_radius=&#8221;0px&#8221; button_font=&#8221;Poppins|||||on|||&#8221; button_icon=&#8221;&#x24;||divi||400&#8243; button_on_hover=&#8221;off&#8221; background_layout=&#8221;dark&#8221; custom_margin=&#8221;32px||||false|false&#8221; box_shadow_style=&#8221;preset4&#8243; box_shadow_horizontal=&#8221;4px&#8221; box_shadow_vertical=&#8221;4px&#8221; box_shadow_color=&#8221;gcid-08622478-e68a-4b8e-a5b0-91ecbfbe3775&#8243; locked=&#8221;off&#8221; global_colors_info=&#8221;{%22gcid-9e4c90fa-1c36-4a85-8e6b-1acd189a74b7%22:%91%22button_border_color%22%93,%22gcid-08622478-e68a-4b8e-a5b0-91ecbfbe3775%22:%91%22box_shadow_color%22,%22button_border_color%22,%22button_bg_color%22%93}&#8221;][\/et_pb_button][et_pb_text _builder_version=&#8221;4.21.0&#8243; _dynamic_attributes=&#8221;link_option_url&#8221; _module_preset=&#8221;default&#8221; link_option_url=&#8221;@ET-DC@eyJkeW5hbWljIjp0cnVlLCJjb250ZW50IjoicG9zdF9saW5rX3VybF9wYWdlIiwic2V0dGluZ3MiOnsicG9zdF9pZCI6IjIxIn19@&#8221; global_colors_info=&#8221;{}&#8221;]<\/p>\n<p style=\"text-align: center;\">ZOBACZ WI\u0118CEJ PROJEKT\u00d3W<\/p>\n<p>[\/et_pb_text][\/et_pb_column][\/et_pb_row][\/et_pb_section]<\/p>\n","protected":false},"excerpt":{"rendered":"<p>Ola &#8211; w\u0142a\u015bcicielka marki Rodzicielstwo Pod Papugami jest edukatork\u0105, kt\u00f3ra skupia si\u0119 na pomocy rodzicom dzieci w wieku przedszkolnym. Jedn\u0105 z jej g\u0142\u00f3wnych specjalizacji jest motoryka ma\u0142a oraz wsparcie w procesie nauki pisania. Marka Oli jest taka jak ona &#8211; pe\u0142na pasji, zaanga\u017cowania, ale tak\u017ce luzu, dzieci\u0119cej spontaniczno\u015bci, co najlepiej wyra\u017ca si\u0119 w jej misji. [&hellip;]<\/p>\n","protected":false},"author":1,"featured_media":0,"parent":0,"menu_order":0,"comment_status":"closed","ping_status":"closed","template":"","meta":{"_et_pb_use_builder":"on","_et_pb_old_content":"","_et_gb_content_width":"","footnotes":""},"class_list":["post-1242","page","type-page","status-publish","hentry"],"_links":{"self":[{"href":"https:\/\/yellostudio.eu\/index.php?rest_route=\/wp\/v2\/pages\/1242","targetHints":{"allow":["GET"]}}],"collection":[{"href":"https:\/\/yellostudio.eu\/index.php?rest_route=\/wp\/v2\/pages"}],"about":[{"href":"https:\/\/yellostudio.eu\/index.php?rest_route=\/wp\/v2\/types\/page"}],"author":[{"embeddable":true,"href":"https:\/\/yellostudio.eu\/index.php?rest_route=\/wp\/v2\/users\/1"}],"replies":[{"embeddable":true,"href":"https:\/\/yellostudio.eu\/index.php?rest_route=%2Fwp%2Fv2%2Fcomments&post=1242"}],"version-history":[{"count":9,"href":"https:\/\/yellostudio.eu\/index.php?rest_route=\/wp\/v2\/pages\/1242\/revisions"}],"predecessor-version":[{"id":335935,"href":"https:\/\/yellostudio.eu\/index.php?rest_route=\/wp\/v2\/pages\/1242\/revisions\/335935"}],"wp:attachment":[{"href":"https:\/\/yellostudio.eu\/index.php?rest_route=%2Fwp%2Fv2%2Fmedia&parent=1242"}],"curies":[{"name":"wp","href":"https:\/\/api.w.org\/{rel}","templated":true}]}}