{"id":335641,"date":"2023-06-30T22:49:51","date_gmt":"2023-06-30T20:49:51","guid":{"rendered":"https:\/\/yellostudio.eu\/?page_id=335641"},"modified":"2024-05-22T13:15:00","modified_gmt":"2024-05-22T11:15:00","slug":"fotografia-dla-biznesu","status":"publish","type":"page","link":"https:\/\/yellostudio.eu\/?page_id=335641","title":{"rendered":"Fotografia dla biznesu"},"content":{"rendered":"\n[et_pb_section fb_built=&#8221;1&#8243; _builder_version=&#8221;4.17.4&#8243; _module_preset=&#8221;default&#8221; custom_padding=&#8221;0px||77px|||&#8221; locked=&#8221;off&#8221; global_colors_info=&#8221;{}&#8221;][et_pb_row _builder_version=&#8221;4.17.3&#8243; _module_preset=&#8221;default&#8221; width=&#8221;100%&#8221; width_tablet=&#8221;100%&#8221; width_phone=&#8221;100%&#8221; width_last_edited=&#8221;on|phone&#8221; max_width=&#8221;1201px&#8221; max_width_tablet=&#8221;1201px&#8221; max_width_phone=&#8221;1201px&#8221; max_width_last_edited=&#8221;on|phone&#8221; custom_padding=&#8221;3px|||||&#8221; global_colors_info=&#8221;{}&#8221;][et_pb_column type=&#8221;4_4&#8243; _builder_version=&#8221;4.17.3&#8243; _module_preset=&#8221;default&#8221; global_colors_info=&#8221;{}&#8221;][et_pb_image src=&#8221;https:\/\/yellostudio.eu\/wp-content\/uploads\/2023\/06\/fotografia-dla-biznesu-36.png&#8221; title_text=&#8221;fotografia dla biznesu-36&#8243; src_tablet=&#8221;https:\/\/yellostudio.eu\/wp-content\/uploads\/2023\/06\/rodzicielstwo-08.png&#8221; src_phone=&#8221;https:\/\/yellostudio.eu\/wp-content\/uploads\/2023\/06\/rodzicielstwo-22.png&#8221; src_last_edited=&#8221;on|phone&#8221; _builder_version=&#8221;4.21.0&#8243; _module_preset=&#8221;default&#8221; custom_margin=&#8221;||-8px|||&#8221; custom_margin_tablet=&#8221;||-8px|||&#8221; custom_margin_phone=&#8221;80px||50px||false|false&#8221; custom_margin_last_edited=&#8221;on|phone&#8221; hover_enabled=&#8221;0&#8243; global_colors_info=&#8221;{}&#8221; sticky_enabled=&#8221;0&#8243;][\/et_pb_image][et_pb_text _builder_version=&#8221;4.21.0&#8243; _module_preset=&#8221;default&#8221; text_font=&#8221;Poppins|300|||||||&#8221; text_text_color=&#8221;#000000&#8243; text_font_size=&#8221;18px&#8221; text_line_height=&#8221;1.3em&#8221; background_color=&#8221;#efdddf&#8221; custom_margin=&#8221;0px||0px||true|false&#8221; custom_padding=&#8221;155px|262px|155px|262px|true|true&#8221; custom_padding_tablet=&#8221;155px|262px|155px|262px|true|true&#8221; custom_padding_phone=&#8221;40px|30px|40px|30px|true|true&#8221; custom_padding_last_edited=&#8221;on|phone&#8221; text_font_size_tablet=&#8221;22px&#8221; text_font_size_phone=&#8221;16px&#8221; text_font_size_last_edited=&#8221;on|phone&#8221; global_colors_info=&#8221;{}&#8221;]<p>Oprawa wizualna dla Agaty, kt\u00f3ra tworzy mark\u0119 Fotografia dla Biznesu mia\u0142a by\u0107 taka jak ona &#8211; elegancka, inspiruj\u0105ca, modna oraz czytelna.<\/p>\n<p>G\u0142\u00f3wn\u0105 inspiracj\u0105 do stworzenia po\u0142\u0105cze\u0144 kolor\u00f3w by\u0142y przede wszystkim fotografie Agaty, dla kt\u00f3rych barwy marki mia\u0142y by\u0107 dobrym t\u0142em, mia\u0142y wydobywa\u0107 zdj\u0119cia na pierwszy plan &#8211; w \u017cadnym wypadku nie mog\u0142y ich przyt\u0142acza\u0107. St\u0105d marka pos\u0142uguje si\u0119 raczej neutraln\u0105, zgaszon\u0105 palet\u0105. Mocniejsze akcenty pojawiaj\u0105 si\u0119 jedynie w grafitowych i ciemnomiedzianych wyr\u00f3\u017cnikach.<\/p>\n<p>Projekt logo ma wydobywa\u0107 i podkre\u015bla\u0107 rozpoznawaln\u0105 ju\u017c nazw\u0119 marki, a swoim stylem wskazywa\u0107 na elegancj\u0119 po\u0142\u0105czon\u0105 z kreatywno\u015bci\u0105 i profsjonalizmem.<\/p>[\/et_pb_text][et_pb_image src=&#8221;https:\/\/yellostudio.eu\/wp-content\/uploads\/2023\/07\/fotografia-dla-biznesu-37.png&#8221; title_text=&#8221;fotografia dla biznesu-37&#8243; _builder_version=&#8221;4.21.0&#8243; _module_preset=&#8221;default&#8221; custom_margin=&#8221;||0px|-1px|false|false&#8221; custom_margin_tablet=&#8221;||0px||false|false&#8221; custom_margin_phone=&#8221;||0px||false|false&#8221; custom_margin_last_edited=&#8221;on|phone&#8221; custom_padding=&#8221;0px||0px|||&#8221; hover_enabled=&#8221;0&#8243; global_colors_info=&#8221;{}&#8221; background_color=&#8221;RGBA(255,255,255,0)&#8221; sticky_enabled=&#8221;0&#8243;][\/et_pb_image][et_pb_text _builder_version=&#8221;4.21.0&#8243; _module_preset=&#8221;default&#8221; text_font_size=&#8221;13px&#8221; custom_margin=&#8221;13px||10px||false|false&#8221; global_colors_info=&#8221;{}&#8221;]<p style=\"text-align: center;\">Sygnet w uproszczonej, jednokolorowej wersji.<\/p>[\/et_pb_text][et_pb_image src=&#8221;https:\/\/yellostudio.eu\/wp-content\/uploads\/2023\/07\/fotografia-dla-biznesu-38.png&#8221; title_text=&#8221;fotografia dla biznesu-38&#8243; _builder_version=&#8221;4.21.0&#8243; _module_preset=&#8221;default&#8221; background_color=&#8221;#f4f7fc&#8221; custom_margin=&#8221;0px||5px||false|false&#8221; custom_margin_tablet=&#8221;0px||0px||false|false&#8221; custom_margin_phone=&#8221;0px||0px||false|false&#8221; custom_margin_last_edited=&#8221;on|phone&#8221; custom_padding=&#8221;||0px||false|false&#8221; hover_enabled=&#8221;0&#8243; global_colors_info=&#8221;{}&#8221; sticky_enabled=&#8221;0&#8243;][\/et_pb_image][et_pb_text _builder_version=&#8221;4.21.0&#8243; _module_preset=&#8221;default&#8221; text_font_size=&#8221;13px&#8221; custom_margin=&#8221;13px||10px||false|false&#8221; global_colors_info=&#8221;{}&#8221;]<p style=\"text-align: center;\">firmowa paleta kolor\u00f3w<\/p>[\/et_pb_text][et_pb_image src=&#8221;https:\/\/yellostudio.eu\/wp-content\/uploads\/2023\/07\/fotografia-dla-biznesu-39.png&#8221; title_text=&#8221;fotografia dla biznesu-39&#8243; _builder_version=&#8221;4.21.0&#8243; _module_preset=&#8221;default&#8221; custom_margin=&#8221;12px||-7px|||&#8221; custom_padding=&#8221;4px|||||&#8221; hover_enabled=&#8221;0&#8243; global_colors_info=&#8221;{}&#8221; sticky_enabled=&#8221;0&#8243;][\/et_pb_image][et_pb_image src=&#8221;https:\/\/yellostudio.eu\/wp-content\/uploads\/2023\/07\/fotografia-dla-biznesu-41-41.png&#8221; title_text=&#8221;fotografia dla biznesu-41-41&#8243; _builder_version=&#8221;4.21.0&#8243; _module_preset=&#8221;default&#8221; custom_margin=&#8221;||-8px|||&#8221; custom_padding=&#8221;7px|||||&#8221; hover_enabled=&#8221;0&#8243; global_colors_info=&#8221;{}&#8221; sticky_enabled=&#8221;0&#8243;][\/et_pb_image][et_pb_text _builder_version=&#8221;4.21.0&#8243; _module_preset=&#8221;default&#8221; text_font_size=&#8221;13px&#8221; custom_margin=&#8221;13px||10px||false|false&#8221; custom_padding=&#8221;||10px|||&#8221; hover_enabled=&#8221;0&#8243; global_colors_info=&#8221;{}&#8221; sticky_enabled=&#8221;0&#8243;]<p style=\"text-align: center;\"><span style=\"color: #000000;\"><a href=\"https:\/\/www.fotografiadlabiznesu.com\/\" style=\"color: #000000;\" target=\"_blank\" rel=\"noopener\">projekt strony www<\/a><\/span><\/p>[\/et_pb_text][et_pb_image src=&#8221;https:\/\/yellostudio.eu\/wp-content\/uploads\/2023\/07\/Filmy-na-strone-Yello-1.gif&#8221; title_text=&#8221;Filmy na stron\u0119 Yello (1)&#8221; align=&#8221;center&#8221; _builder_version=&#8221;4.21.0&#8243; _module_preset=&#8221;default&#8221; background_color=&#8221;RGBA(255,255,255,0)&#8221; custom_margin=&#8221;-6px||-5px||false|false&#8221; custom_padding=&#8221;||0px||false|false&#8221; hover_enabled=&#8221;0&#8243; global_colors_info=&#8221;{}&#8221; sticky_enabled=&#8221;0&#8243;][\/et_pb_image][et_pb_text _builder_version=&#8221;4.21.0&#8243; _module_preset=&#8221;default&#8221; text_text_color=&#8221;#000000&#8243; custom_margin=&#8221;30px||24px|||&#8221; hover_enabled=&#8221;0&#8243; global_colors_info=&#8221;{}&#8221; sticky_enabled=&#8221;0&#8243;]<p style=\"text-align: center;\"><span style=\"color: #000000;\"><a href=\"https:\/\/www.fotografiadlabiznesu.com\/\" style=\"color: #000000;\" target=\"_blank\" rel=\"noopener\">zobacz stron\u0119 Agaty live<\/a><\/span><\/p>[\/et_pb_text][et_pb_image src=&#8221;https:\/\/yellostudio.eu\/wp-content\/uploads\/2023\/06\/fotografia-dla-biznesu-40.png&#8221; title_text=&#8221;fotografia dla biznesu-40&#8243; _builder_version=&#8221;4.21.0&#8243; _module_preset=&#8221;default&#8221; background_color=&#8221;#f4f7fc&#8221; custom_margin=&#8221;-6px||-31px||false|false&#8221; custom_padding=&#8221;||0px||false|false&#8221; global_colors_info=&#8221;{}&#8221;][\/et_pb_image][\/et_pb_column][\/et_pb_row][et_pb_row column_structure=&#8221;1_3,2_3&#8243; _builder_version=&#8221;4.21.0&#8243; _module_preset=&#8221;default&#8221; background_color=&#8221;gcid-407207d8-d2b4-4fcb-adbc-0e84f31cd99c&#8221; width=&#8221;100%&#8221; width_tablet=&#8221;100%&#8221; width_phone=&#8221;100%&#8221; width_last_edited=&#8221;on|phone&#8221; max_width=&#8221;1201px&#8221; custom_padding=&#8221;32px||40px|||&#8221; locked=&#8221;off&#8221; global_colors_info=&#8221;{%22gcid-407207d8-d2b4-4fcb-adbc-0e84f31cd99c%22:%91%22background_color%22%93}&#8221;][et_pb_column type=&#8221;1_3&#8243; _builder_version=&#8221;4.17.3&#8243; _module_preset=&#8221;default&#8221; global_colors_info=&#8221;{}&#8221;][et_pb_image src=&#8221;https:\/\/yellostudio.eu\/wp-content\/uploads\/2023\/07\/0X7A8351-kopia.jpg&#8221; title_text=&#8221;0X7A8351-kopia&#8221; _builder_version=&#8221;4.21.0&#8243; _module_preset=&#8221;default&#8221; custom_padding=&#8221;|||122px||&#8221; global_colors_info=&#8221;{}&#8221;][\/et_pb_image][\/et_pb_column][et_pb_column type=&#8221;2_3&#8243; _builder_version=&#8221;4.17.3&#8243; _module_preset=&#8221;default&#8221; global_colors_info=&#8221;{}&#8221;][et_pb_text _builder_version=&#8221;4.21.0&#8243; _module_preset=&#8221;default&#8221; text_font=&#8221;Poppins||||||||&#8221; text_text_color=&#8221;#000000&#8243; text_line_height=&#8221;1.3em&#8221; custom_margin=&#8221;35px|||||&#8221; custom_margin_tablet=&#8221;&#8221; custom_margin_phone=&#8221;||0px||false|false&#8221; custom_margin_last_edited=&#8221;on|phone&#8221; custom_padding=&#8221;5px|||0px|false|false&#8221; custom_padding_tablet=&#8221;122px|||106px|false|false&#8221; custom_padding_phone=&#8221;20px|20px||20px|false|true&#8221; custom_padding_last_edited=&#8221;on|phone&#8221; text_line_height_tablet=&#8221;1.3em&#8221; text_line_height_phone=&#8221;1.9em&#8221; text_line_height_last_edited=&#8221;on|phone&#8221; global_colors_info=&#8221;{}&#8221;]<p><span style=\"font-size: xx-large;\"><strong>Agata o naszej wsp\u00f3\u0142pracy:<\/strong><\/span><\/p>[\/et_pb_text][et_pb_text _builder_version=&#8221;4.21.0&#8243; _module_preset=&#8221;default&#8221; text_font=&#8221;Poppins||||||||&#8221; text_text_color=&#8221;#000000&#8243; text_line_height=&#8221;1.3em&#8221; custom_padding=&#8221;0px|156px||4px|false|false&#8221; custom_padding_tablet=&#8221;122px|||106px|false|false&#8221; custom_padding_phone=&#8221;20px|20px||20px|false|true&#8221; custom_padding_last_edited=&#8221;on|phone&#8221; text_line_height_tablet=&#8221;1.3em&#8221; text_line_height_phone=&#8221;1.4em&#8221; text_line_height_last_edited=&#8221;on|phone&#8221; global_colors_info=&#8221;{}&#8221; custom_margin=&#8221;13px|||||&#8221;]<p><span>Kasia to przede wszystkim <strong>wspania\u0142y s\u0142uchacz<\/strong>: doskonale zrozumia\u0142a wizj\u0119 na moj\u0105 now\u0105 identyfikacj\u0119 wizualn\u0105 oraz wygl\u0105d strony www. Mnogo\u015b\u0107 inspiracji nie zabi\u0142a jej kreatywno\u015bci i potrafi\u0142a mnie <strong>prawdziwie zaskoczy\u0107 swoimi propozycjami<\/strong>.<\/span><\/p>\n<p>To ten typ specjalistki, kt\u00f3ry pozostawia klienta z dylematami, bo <strong>wszystkie propozycje, kt\u00f3re dla mnie stworzy\u0142a by\u0142y \u015bwietne!<\/strong> Rozumia\u0142y\u015bmy si\u0119 na ka\u017cdej p\u0142aszczy\u017anie, a ja wreszcie <strong>mia\u0142am motywacj\u0119, \u017ceby zamkn\u0105\u0107 projekt, do kt\u00f3rego zbiera\u0142am si\u0119 latami!<\/strong><\/p>\n<p>Dzi\u015b, z pe\u0142nym przekonaniem stwierdzam, \u017ce<strong> inwestycja zwr\u00f3ci\u0142a si\u0119 b\u0142yskawicznie<\/strong>. Gor\u0105co Wam polecam t\u0119 utalentowan\u0105 Tw\u00f3rczyni\u0119!<\/p>[\/et_pb_text][\/et_pb_column][\/et_pb_row][et_pb_row _builder_version=&#8221;4.17.3&#8243; _module_preset=&#8221;default&#8221; global_colors_info=&#8221;{}&#8221;][et_pb_column type=&#8221;4_4&#8243; _builder_version=&#8221;4.17.3&#8243; _module_preset=&#8221;default&#8221; global_colors_info=&#8221;{}&#8221;][et_pb_button button_url=&#8221;@ET-DC@eyJkeW5hbWljIjp0cnVlLCJjb250ZW50IjoicG9zdF9saW5rX3VybF9wYWdlIiwic2V0dGluZ3MiOnsicG9zdF9pZCI6IjIzIn19@&#8221; button_text=&#8221;te\u017c mam ochot\u0119 na co\u015b pi\u0119knego!&#8221; button_alignment=&#8221;center&#8221; _builder_version=&#8221;4.21.0&#8243; _dynamic_attributes=&#8221;button_url&#8221; _module_preset=&#8221;default&#8221; custom_button=&#8221;on&#8221; button_text_size=&#8221;26px&#8221; button_text_color=&#8221;#000000&#8243; button_bg_color=&#8221;#FFFFFF&#8221; button_border_width=&#8221;2px&#8221; button_border_color=&#8221;gcid-9e4c90fa-1c36-4a85-8e6b-1acd189a74b7&#8243; button_border_radius=&#8221;0px&#8221; button_font=&#8221;Poppins|||||on|||&#8221; button_icon=&#8221;&#x24;||divi||400&#8243; button_on_hover=&#8221;off&#8221; background_layout=&#8221;dark&#8221; custom_margin=&#8221;4px||||false|false&#8221; hover_enabled=&#8221;0&#8243; box_shadow_style=&#8221;preset4&#8243; box_shadow_horizontal=&#8221;4px&#8221; box_shadow_vertical=&#8221;4px&#8221; box_shadow_color=&#8221;gcid-08622478-e68a-4b8e-a5b0-91ecbfbe3775&#8243; locked=&#8221;off&#8221; global_colors_info=&#8221;{%22gcid-9e4c90fa-1c36-4a85-8e6b-1acd189a74b7%22:%91%22button_border_color%22%93,%22gcid-08622478-e68a-4b8e-a5b0-91ecbfbe3775%22:%91%22box_shadow_color%22,%22button_border_color%22,%22button_bg_color%22%93}&#8221; sticky_enabled=&#8221;0&#8243;][\/et_pb_button][et_pb_text _builder_version=&#8221;4.21.0&#8243; _dynamic_attributes=&#8221;link_option_url&#8221; _module_preset=&#8221;default&#8221; link_option_url=&#8221;@ET-DC@eyJkeW5hbWljIjp0cnVlLCJjb250ZW50IjoicG9zdF9saW5rX3VybF9wYWdlIiwic2V0dGluZ3MiOnsicG9zdF9pZCI6IjIxIn19@&#8221; global_colors_info=&#8221;{}&#8221;]<p style=\"text-align: center;\">ZOBACZ WI\u0118CEJ PROJEKT\u00d3W<\/p>[\/et_pb_text][\/et_pb_column][\/et_pb_row][\/et_pb_section]\n","protected":false},"excerpt":{"rendered":"<p>Oprawa wizualna dla Agaty, kt\u00f3ra tworzy mark\u0119 Fotografia dla Biznesu mia\u0142a by\u0107 taka jak ona &#8211; elegancka, inspiruj\u0105ca, modna oraz czytelna. G\u0142\u00f3wn\u0105 inspiracj\u0105 do stworzenia po\u0142\u0105cze\u0144 kolor\u00f3w by\u0142y przede wszystkim fotografie Agaty, dla kt\u00f3rych barwy marki mia\u0142y by\u0107 dobrym t\u0142em, mia\u0142y wydobywa\u0107 zdj\u0119cia na pierwszy plan &#8211; w \u017cadnym wypadku nie mog\u0142y ich przyt\u0142acza\u0107. St\u0105d [&hellip;]<\/p>\n","protected":false},"author":1,"featured_media":0,"parent":0,"menu_order":0,"comment_status":"closed","ping_status":"closed","template":"","meta":{"_et_pb_use_builder":"on","_et_pb_old_content":"","_et_gb_content_width":"","footnotes":""},"class_list":["post-335641","page","type-page","status-publish","hentry"],"_links":{"self":[{"href":"https:\/\/yellostudio.eu\/index.php?rest_route=\/wp\/v2\/pages\/335641","targetHints":{"allow":["GET"]}}],"collection":[{"href":"https:\/\/yellostudio.eu\/index.php?rest_route=\/wp\/v2\/pages"}],"about":[{"href":"https:\/\/yellostudio.eu\/index.php?rest_route=\/wp\/v2\/types\/page"}],"author":[{"embeddable":true,"href":"https:\/\/yellostudio.eu\/index.php?rest_route=\/wp\/v2\/users\/1"}],"replies":[{"embeddable":true,"href":"https:\/\/yellostudio.eu\/index.php?rest_route=%2Fwp%2Fv2%2Fcomments&post=335641"}],"version-history":[{"count":13,"href":"https:\/\/yellostudio.eu\/index.php?rest_route=\/wp\/v2\/pages\/335641\/revisions"}],"predecessor-version":[{"id":335882,"href":"https:\/\/yellostudio.eu\/index.php?rest_route=\/wp\/v2\/pages\/335641\/revisions\/335882"}],"wp:attachment":[{"href":"https:\/\/yellostudio.eu\/index.php?rest_route=%2Fwp%2Fv2%2Fmedia&parent=335641"}],"curies":[{"name":"wp","href":"https:\/\/api.w.org\/{rel}","templated":true}]}}